{"id":1661,"date":"2021-11-29T11:55:23","date_gmt":"2021-11-29T11:55:23","guid":{"rendered":"https:\/\/focus.cat\/ips\/"},"modified":"2023-12-21T10:38:24","modified_gmt":"2023-12-21T10:38:24","slug":"ips","status":"publish","type":"page","link":"https:\/\/www.focus.cat\/en\/ips\/","title":{"rendered":"IP&#8217;s"},"content":{"rendered":"<p class=\"lead\">Empresa l\u00edder en l\u2019Oferta del portfoli m\u00e9s gran de drets exclusius mundials sobre les obres liter\u00e0ries, dram\u00e0tiques i projectes originals per a S\u00e8ries de TV i Films dels creatius m\u00e9s importants d\u2019origen hisp\u00e0 (Espanya, Latam &amp; US Hispanic).<\/p>\n<h2>\u00c0REES DE NEGOCI<\/h2>\n<div class=\"row align-center x2\">\n<div class=\"shortcode_column columns large-6 small-12 medium-6   \">\n<h3>SHOWRUNNERS BUYERS CLUB<\/h3>\n<p>Ens hem posicionat com l&#8217;ag\u00e8ncia audiovisual l\u00edder al m\u00f3n d&#8217;IPs hispans amb la principal cartera de les obres i formats m\u00e9s rellevants del m\u00f3n hisp\u00e0 per a la producci\u00f3 audiovisual.<br \/>\nM\u00e9s de 20 anys gestionant els millors IPs per a la ind\u00fastria de l&#8217;entreteniment amb acc\u00e9s directe a m\u00e9s de 20.000 obres liter\u00e0ries per a la seva adaptaci\u00f3 a CINEMA, S\u00c8RIES DE TV I DIGITAL.<\/p><\/div>\n<div class=\"shortcode_column columns large-6 small-12 medium-6   \">\n<h3>OBRES LITER\u00c0RIES I PROJECTES PER A ADAPTACI\u00d3 AUDIOVISUAL<\/h3>\n<p>Cartera d&#8217;obres i formats per a producci\u00f3 audiovisual<br \/>\nGestionem en exclusiva els drets mundials de la principal Cartera d&#8217;Obres i Formats en espanyol per a la seva producci\u00f3 audiovisual en tot tipus de formats de TV i Cinema, mitjan\u00e7ant opcions de compra, llic\u00e8ncies per a adaptacions i coproduccions.<br \/>\nPodeu consultar les fitxes dels nostres autors i obres aix\u00ed com els dossiers basats en les mateixes on s&#8217;analitza el potencial per a formats de s\u00e8ries i mini s\u00e8ries de TV, TV movies i films.<\/p>\n<p><a class=\"button \" href=\"http:\/\/www.scenicrights.com\/es\/projects\" target=\"_self\">Acc\u00e9s al cat\u00e0leg<\/a>\n<\/p><\/div>\n<div class=\"shortcode_column columns large-6 small-12 medium-6   \">\n<h3>S\u00c8RIES DE TV &amp; FILMS EN DESENVOLUPAMENT I PRODUCCI\u00d3<\/h3>\n<p>Scenic Rights a trav\u00e9s de la seva empresa matriu, Focus i els seus Associats i Clients, participa en diversos projectes audiovisuals que es troben en fase de pre-producci\u00f3, producci\u00f3 i distribuci\u00f3.<br \/>\nPodeu consultar els projectes que ja es troben en fase de pre i producci\u00f3 aix\u00ed com diversos films que ja s&#8217;han produ\u00eft i estan disponibles per a la distribuci\u00f3.<\/p>\n<p><a class=\"button \" href=\"http:\/\/www.scenicrights.com\/es\/work-in-progress\" target=\"_self\">Projectes<\/a>\n<\/p><\/div>\n<div class=\"shortcode_column columns large-6 small-12 medium-6   \">\n<h3>SCENIC RIGHTS TEATRE<\/h3>\n<p>Fundada fa m\u00e9s d&#8217;una d\u00e8cada, l&#8217;Ag\u00e8ncia teatral \u00e9s l\u00edder a Espanya per volum de negoci.<br \/>\nGestionem una \u00e0mplia llista de textos teatrals dels principals autors espanyols i estrangers per a la producci\u00f3 teatral, amb una mitjana de 15 grans produccions anuals per als principals teatres d&#8217;Espanya i Europa.<br \/>\nPodeu consultar les Obres en cartellera que actualment gestionem.<\/p>\n<p><a class=\"button \" href=\"http:\/\/www.scenicrights.com\/es\/theater\" target=\"_self\">Acc\u00e9s al cat\u00e0leg<\/a>.<\/p><\/div>\n<\/div>\n<div class=\"row align-center global-vertical-space\">\n<p><div class=\"shortcode_column columns large-3 small-12 medium-3   \">\n<h3>Madrid<\/h3>\n<p>Calle Fuencarral, 5<br \/>\n28004 Madrid<br \/>\n+34 91 531 62 72<br \/>\n<a href=\"mailto:info@scenicrights.com\">info@scenicrights.com<\/a><\/p>\n<p><\/p><\/div><\/p>\n<p><div class=\"shortcode_column columns large-3 small-12 medium-3   \">\n<h3>Barcelona<\/h3>\n<p>Calle \u00c1vila 149-155<br \/>\nBarcelona 08018<br \/>\n+ 34 933 097 538<br \/>\n<a href=\"mailto:info@scenicrights.com\">info@scenicrights.com<\/a><\/p>\n<p><\/p><\/div><\/p>\n<p><div class=\"shortcode_column columns large-3 small-12 medium-3   \">\n<h3>Los Angeles<\/h3>\n<p>333 Washington blvd. #127.<br \/>\nMarina del Rey. CA 90292<br \/>\n+ 1 +1 310 740 5530<br \/>\n<a href=\"mailto:info@scenicrights.com\">info@scenicrights.com<\/a><\/p>\n<p><\/p><\/div><\/p>\n<p><div class=\"shortcode_column columns large-3 small-12 medium-3   \">\n<h3>Prague<\/h3>\n<p>\u010e\u00e1blick\u00e1 965\/2h<br \/>\n182 00 Praha 8<br \/>\n+420 777 186 376<br \/>\n<a href=\"mailto:info@scenicrights.com\">info@scenicrights.com<\/a><\/p>\n<p><\/p><\/div><\/p>\n<p><\/p><\/div>\n<p>&nbsp;<\/p>\n<a class=\"button button large right\" href=\"http:\/\/www.scenicrights.com\/\" target=\"_self\">Visita la web de Scenic Rights<\/a>\n","protected":false},"excerpt":{"rendered":"<p>Empresa l\u00edder en l\u2019Oferta del portfoli m\u00e9s gran de drets exclusius mundials sobre les obres liter\u00e0ries, dram\u00e0tiques i projectes originals per a S\u00e8ries de TV i Films dels creatius m\u00e9s importants d\u2019origen hisp\u00e0 (Espanya, Latam &amp; US Hispanic). \u00c0REES DE NEGOCI &nbsp;<\/p>\n","protected":false},"author":1,"featured_media":0,"parent":0,"menu_order":0,"comment_status":"closed","ping_status":"closed","template":"page-templates\/page-flexible.php","meta":{"_acf_changed":false,"inline_featured_image":false,"footnotes":""},"class_list":["post-1661","page","type-page","status-publish","hentry"],"acf":{"page_description":""},"yoast_head":"<!-- This site is optimized with the Yoast SEO plugin v27.4 - https:\/\/yoast.com\/product\/yoast-seo-wordpress\/ -->\n<title>IP&#039;s - Focus<\/title>\n<meta name=\"description\" content=\"Leading company offering the largest worldwide exclusive rights over literary and theatrical works, original projects for TV series and films by the most important creatives of Hispanic origin (Spain, Latam and US Hispanic).\" \/>\n<meta name=\"robots\" content=\"index, follow, max-snippet:-1, max-image-preview:large, max-video-preview:-1\" \/>\n<link rel=\"canonical\" href=\"https:\/\/www.focus.cat\/ips\/\" \/>\n<meta property=\"og:locale\" content=\"ca_ES\" \/>\n<meta property=\"og:type\" content=\"article\" \/>\n<meta property=\"og:title\" content=\"IP&#039;s - Focus\" \/>\n<meta property=\"og:description\" content=\"Leading company offering the largest worldwide exclusive rights over literary and theatrical works, original projects for TV series and films by the most important creatives of Hispanic origin (Spain, Latam and US Hispanic).\" \/>\n<meta property=\"og:url\" content=\"https:\/\/www.focus.cat\/en\/ips\/\" \/>\n<meta property=\"og:site_name\" content=\"Focus\" \/>\n<meta property=\"article:modified_time\" content=\"2023-12-21T10:38:24+00:00\" \/>\n<meta name=\"twitter:card\" content=\"summary_large_image\" \/>\n<script type=\"application\/ld+json\" class=\"yoast-schema-graph\">{\"@context\":\"https:\\\/\\\/schema.org\",\"@graph\":[{\"@type\":\"WebPage\",\"@id\":\"https:\\\/\\\/www.focus.cat\\\/en\\\/ips\\\/\",\"url\":\"https:\\\/\\\/www.focus.cat\\\/en\\\/ips\\\/\",\"name\":\"IP's - Focus\",\"isPartOf\":{\"@id\":\"https:\\\/\\\/www.focus.cat\\\/#website\"},\"datePublished\":\"2021-11-29T11:55:23+00:00\",\"dateModified\":\"2023-12-21T10:38:24+00:00\",\"description\":\"Leading company offering the largest worldwide exclusive rights over literary and theatrical works, original projects for TV series and films by the most important creatives of Hispanic origin (Spain, Latam and US Hispanic).\",\"inLanguage\":\"ca\",\"potentialAction\":[{\"@type\":\"ReadAction\",\"target\":[\"https:\\\/\\\/www.focus.cat\\\/en\\\/ips\\\/\"]}]},{\"@type\":\"WebSite\",\"@id\":\"https:\\\/\\\/www.focus.cat\\\/#website\",\"url\":\"https:\\\/\\\/www.focus.cat\\\/\",\"name\":\"Focus\",\"description\":\"\",\"publisher\":{\"@id\":\"https:\\\/\\\/www.focus.cat\\\/#organization\"},\"potentialAction\":[{\"@type\":\"SearchAction\",\"target\":{\"@type\":\"EntryPoint\",\"urlTemplate\":\"https:\\\/\\\/www.focus.cat\\\/?s={search_term_string}\"},\"query-input\":{\"@type\":\"PropertyValueSpecification\",\"valueRequired\":true,\"valueName\":\"search_term_string\"}}],\"inLanguage\":\"ca\"},{\"@type\":\"Organization\",\"@id\":\"https:\\\/\\\/www.focus.cat\\\/#organization\",\"name\":\"Focus\",\"url\":\"https:\\\/\\\/www.focus.cat\\\/\",\"logo\":{\"@type\":\"ImageObject\",\"inLanguage\":\"ca\",\"@id\":\"https:\\\/\\\/www.focus.cat\\\/#\\\/schema\\\/logo\\\/image\\\/\",\"url\":\"https:\\\/\\\/www.focus.cat\\\/wp-content\\\/uploads\\\/2022\\\/01\\\/logo-focus-any-35.svg\",\"contentUrl\":\"https:\\\/\\\/www.focus.cat\\\/wp-content\\\/uploads\\\/2022\\\/01\\\/logo-focus-any-35.svg\",\"width\":1,\"height\":1,\"caption\":\"Focus\"},\"image\":{\"@id\":\"https:\\\/\\\/www.focus.cat\\\/#\\\/schema\\\/logo\\\/image\\\/\"}}]}<\/script>\n<!-- \/ Yoast SEO plugin. -->","yoast_head_json":{"title":"IP's - Focus","description":"Leading company offering the largest worldwide exclusive rights over literary and theatrical works, original projects for TV series and films by the most important creatives of Hispanic origin (Spain, Latam and US Hispanic).","robots":{"index":"index","follow":"follow","max-snippet":"max-snippet:-1","max-image-preview":"max-image-preview:large","max-video-preview":"max-video-preview:-1"},"canonical":"https:\/\/www.focus.cat\/ips\/","og_locale":"ca_ES","og_type":"article","og_title":"IP's - Focus","og_description":"Leading company offering the largest worldwide exclusive rights over literary and theatrical works, original projects for TV series and films by the most important creatives of Hispanic origin (Spain, Latam and US Hispanic).","og_url":"https:\/\/www.focus.cat\/en\/ips\/","og_site_name":"Focus","article_modified_time":"2023-12-21T10:38:24+00:00","twitter_card":"summary_large_image","schema":{"@context":"https:\/\/schema.org","@graph":[{"@type":"WebPage","@id":"https:\/\/www.focus.cat\/en\/ips\/","url":"https:\/\/www.focus.cat\/en\/ips\/","name":"IP's - Focus","isPartOf":{"@id":"https:\/\/www.focus.cat\/#website"},"datePublished":"2021-11-29T11:55:23+00:00","dateModified":"2023-12-21T10:38:24+00:00","description":"Leading company offering the largest worldwide exclusive rights over literary and theatrical works, original projects for TV series and films by the most important creatives of Hispanic origin (Spain, Latam and US Hispanic).","inLanguage":"ca","potentialAction":[{"@type":"ReadAction","target":["https:\/\/www.focus.cat\/en\/ips\/"]}]},{"@type":"WebSite","@id":"https:\/\/www.focus.cat\/#website","url":"https:\/\/www.focus.cat\/","name":"Focus","description":"","publisher":{"@id":"https:\/\/www.focus.cat\/#organization"},"potentialAction":[{"@type":"SearchAction","target":{"@type":"EntryPoint","urlTemplate":"https:\/\/www.focus.cat\/?s={search_term_string}"},"query-input":{"@type":"PropertyValueSpecification","valueRequired":true,"valueName":"search_term_string"}}],"inLanguage":"ca"},{"@type":"Organization","@id":"https:\/\/www.focus.cat\/#organization","name":"Focus","url":"https:\/\/www.focus.cat\/","logo":{"@type":"ImageObject","inLanguage":"ca","@id":"https:\/\/www.focus.cat\/#\/schema\/logo\/image\/","url":"https:\/\/www.focus.cat\/wp-content\/uploads\/2022\/01\/logo-focus-any-35.svg","contentUrl":"https:\/\/www.focus.cat\/wp-content\/uploads\/2022\/01\/logo-focus-any-35.svg","width":1,"height":1,"caption":"Focus"},"image":{"@id":"https:\/\/www.focus.cat\/#\/schema\/logo\/image\/"}}]}},"_links":{"self":[{"href":"https:\/\/www.focus.cat\/wp-json\/wp\/v2\/pages\/1661","targetHints":{"allow":["GET"]}}],"collection":[{"href":"https:\/\/www.focus.cat\/wp-json\/wp\/v2\/pages"}],"about":[{"href":"https:\/\/www.focus.cat\/wp-json\/wp\/v2\/types\/page"}],"author":[{"embeddable":true,"href":"https:\/\/www.focus.cat\/wp-json\/wp\/v2\/users\/1"}],"replies":[{"embeddable":true,"href":"https:\/\/www.focus.cat\/wp-json\/wp\/v2\/comments?post=1661"}],"version-history":[{"count":0,"href":"https:\/\/www.focus.cat\/wp-json\/wp\/v2\/pages\/1661\/revisions"}],"wp:attachment":[{"href":"https:\/\/www.focus.cat\/wp-json\/wp\/v2\/media?parent=1661"}],"curies":[{"name":"wp","href":"https:\/\/api.w.org\/{rel}","templated":true}]}}