{"id":1670,"date":"2022-01-03T15:18:23","date_gmt":"2022-01-03T15:18:23","guid":{"rendered":"https:\/\/focus.cat\/cookies\/"},"modified":"2026-02-05T16:06:23","modified_gmt":"2026-02-05T16:06:23","slug":"cookies","status":"publish","type":"page","link":"https:\/\/www.focus.cat\/es\/cookies\/","title":{"rendered":"Pol\u00edtica de cookies"},"content":{"rendered":"<h3>INFORMACI\u00d3N SOBRE COOKIES<\/h3>\n<p>Debido a la entrada en vigor de la correspondiente modificaci\u00f3n de la \u201cLey de Servicios de la Sociedad de la Informaci\u00f3n\u201d (LSSICE) establecida por el Real Decreto 13\/2012, es obligatorio obtener el consentimiento expreso del usuario de todas las p\u00e1ginas web que utilicen cookies prescindibles, antes de que este navegue por ellas.<\/p>\n<h3>\u00bfQU\u00c9 SON LAS COOKIES?<\/h3>\n<p>Las cookies y otras tecnolog\u00edas similares, tales como local shared objects, flash cookies o p\u00edxeles, son herramientas empleadas por los servidores web para almacenar y recuperar informaci\u00f3n sobre sus visitantes, as\u00ed como para ofrecer un correcto funcionamiento del sitio.<br \/>\nMediante el uso de estos dispositivos se permite al servidor web recordar algunos datos relativos al usuario, como sus preferencias para la visualizaci\u00f3n de las p\u00e1ginas de ese servidor, nombre y contrase\u00f1a, productos que m\u00e1s le interesan, etc.<\/p>\n<h3>COOKIES AFECTADAS POR LA NORMATIVA Y COOKIES EXENTAS<\/h3>\n<p>Seg\u00fan la directiva de la UE, las cookies que requieren el consentimiento informado por parte del usuario son las cookies de anal\u00edtica y las de publicidad y afiliaci\u00f3n, quedando exceptuadas las de car\u00e1cter t\u00e9cnico y las necesarias para el funcionamiento del sitio web o la prestaci\u00f3n de servicios expresamente solicitados por el usuario.<\/p>\n<h3>\u00bfQU\u00c9 TIPOS DE COOKIES EXISTEN?<\/h3>\n<p>En cuanto a los tipos de cookies, existen cinco grandes grupos:<\/p>\n<ul>\n<li>Cookies anal\u00edticas: recogen informaci\u00f3n sobre el uso que se realiza del sitio web.<\/li>\n<li>Cookies sociales: son aquellas necesarias para redes sociales externas.<\/li>\n<li>Cookies de afiliados: permiten realizar un seguimiento de las visitas procedentes de otros sitios web, con los que el sitio web establece un contrato de afiliaci\u00f3n (empresas de afiliaci\u00f3n).<\/li>\n<li>Cookies de publicidad y comportamiento: recogen informaci\u00f3n sobre las preferencias y elecciones personales del usuario (retargeting).<\/li>\n<li>Cookies t\u00e9cnicas y funcionales: son las estrictamente necesarias para el uso del sitio web y para la prestaci\u00f3n del servicio contratado.<\/li>\n<\/ul>\n<h3>COOKIES QUE UTILIZAMOS EN NUESTRO SITIO WEB<\/h3>\n<ul>\n<li>Listado de cookies y sus funciones, por ejemplo:<\/li>\n<li>PHPSESSID: cookie t\u00e9cnica y estrictamente necesaria que contiene el identificador de la sesi\u00f3n. Se elimina al cerrar el navegador.<\/li>\n<li>_lang: cookie t\u00e9cnica y estrictamente necesaria que contiene el idioma de la sesi\u00f3n. Se elimina al cerrar el navegador.<\/li>\n<li>ac_cookies: cookie t\u00e9cnica y estrictamente necesaria que contiene el valor de si se ha aceptado la instalaci\u00f3n de cookies. Caduca en 1 a\u00f1o desde la \u00faltima actualizaci\u00f3n.<\/li>\n<li>_ga: cookie de Google Analytics Universal que habilita la funci\u00f3n de control de visitas \u00fanicas. La primera vez que un usuario entra en el sitio web a trav\u00e9s de un navegador se instalar\u00e1 esta cookie. Cuando el usuario vuelva a entrar en la web con el mismo navegador, la cookie considerar\u00e1 que es el mismo usuario. Solo en el caso de que el usuario cambie de navegador, se considerar\u00e1 un usuario diferente. Caduca a los 2 a\u00f1os desde la \u00faltima actualizaci\u00f3n.<\/li>\n<li>_gat: cookie asociada a Google Analytics Universal. Se utiliza para limitar la velocidad de petici\u00f3n, es decir, para limitar la recogida de datos en sitios con alto tr\u00e1fico. Caduca a los 10 minutos.<\/li>\n<li>_utma: cookie de Google Analytics que registra la fecha de la primera y la \u00faltima vez que el usuario visit\u00f3 el sitio web. Caduca a los 2 a\u00f1os desde la \u00faltima actualizaci\u00f3n.<\/li>\n<li>_utmb: cookie de Google Analytics que registra la hora de llegada a la p\u00e1gina web. Caduca a los 30 minutos desde la \u00faltima actualizaci\u00f3n.<\/li>\n<li>_utmc: cookie de Google Analytics utilizada para la interoperabilidad con el c\u00f3digo de seguimiento urchin.js. Se elimina al cerrar el navegador.<\/li>\n<li>_utmt: cookie de Google Analytics utilizada para procesar el tipo de solicitud realizada por el usuario. Caduca al finalizar la sesi\u00f3n.<\/li>\n<li>_utmv: cookie de Google Analytics utilizada para segmentar datos demogr\u00e1ficos. Caduca al finalizar la sesi\u00f3n.<\/li>\n<li>_utmz: cookie de Google Analytics que almacena la fuente de tr\u00e1fico o una campa\u00f1a para explicar c\u00f3mo el usuario lleg\u00f3 al sitio web. Caduca a los 6 meses desde la \u00faltima actualizaci\u00f3n.<\/li>\n<\/ul>\n<h3>REVOCACI\u00d3N DEL CONSENTIMIENTO PARA INSTALAR COOKIES. C\u00d3MO ELIMINAR LAS COOKIES DEL NAVEGADOR<\/h3>\n<h4>Chrome<\/h4>\n<p>Seleccione el icono de Herramientas.<br \/>\nHaga clic en Configuraci\u00f3n.<br \/>\nHaga clic en Mostrar opciones avanzadas.<br \/>\nEn la secci\u00f3n \u201cPrivacidad\u201d, haga clic en Configuraci\u00f3n de contenido.<\/p>\n<p>Eliminar cookies: haga clic en Todas las cookies y los datos del sitio\u2026<\/p>\n<p>No permitir que se almacenen cookies.<br \/>\nHaga clic en Eliminar los datos de navegaci\u00f3n (vaciar la memoria cach\u00e9).<br \/>\nCierre y reinicie el navegador.<\/p>\n<p>Para m\u00e1s informaci\u00f3n sobre Chrome, pulse aqu\u00ed:<br \/>\n<a href=\"http:\/\/support.google.com\/chrome\/answer\/95647?hl=es\">http:\/\/support.google.com\/chrome\/answer\/95647?hl=es<\/a><\/p>\n<h4>Internet Explorer. Versi\u00f3n 11<\/h4>\n<ol>\n<li>Seleccione Herramientas | Opciones de Internet.<\/li>\n<li>Haga clic en la pesta\u00f1a General.<\/li>\n<li>En la secci\u00f3n \u201cHistorial de exploraci\u00f3n\u201d, haga clic en Eliminar el historial de exploraci\u00f3n al salir.\n<ul>\n<li>Seleccione Eliminar archivos.<\/li>\n<li>Seleccione Eliminar cookies.<\/li>\n<\/ul>\n<\/li>\n<li>Haga clic en Eliminar.<\/li>\n<li>Haga clic en Aceptar.<\/li>\n<li>Cierre y reinicie el navegador.<\/li>\n<\/ol>\n<p>Para m\u00e1s informaci\u00f3n sobre Internet Explorer, pulse aqu\u00ed:<br \/>\n<a href=\"http:\/\/windows.microsoft.com\/es-419\/windows7\/how-to-manage-cookies-in-internet-explorer-9\">http:\/\/windows.microsoft.com\/es-419\/windows7\/how-to-manage-cookies-in-internet-explorer-9<\/a><\/p>\n<h4>Firefox. Versi\u00f3n 18<\/h4>\n<ol>\n<li>Seleccione Firefox | Historial | Limpiar el historial reciente.<\/li>\n<li>Junto a \u201cDetalles\u201d, haga clic en la flecha hacia abajo.<\/li>\n<li>Seleccione las siguientes casillas: Cookies, Cach\u00e9, Inicios de sesi\u00f3n activos.<\/li>\n<li>En el men\u00fa desplegable \u201cIntervalo de tiempo a limpiar\u201d, seleccione Todo.<\/li>\n<li>Haga clic en Limpiar ahora.<\/li>\n<li>Cierre y reinicie el navegador.<\/li>\n<\/ol>\n<p>Puede aceptar o rechazar las cookies individualmente en las Preferencias de Firefox, en la secci\u00f3n Historial disponible en Herramientas &gt; Opciones &gt; Privacidad.<\/p>\n<p>Para m\u00e1s informaci\u00f3n sobre Mozilla Firefox, pulse aqu\u00ed:<br \/>\n<a href=\"https:\/\/www.mozilla.org\/es-ES\/privacy\/websites\/#cookies\">https:\/\/www.mozilla.org\/es-ES\/privacy\/websites\/#cookies<\/a><\/p>\n<h4>Safari. Versi\u00f3n 5.1<\/h4>\n<ol>\n<li>Seleccione el icono de Safari \/ Editar | Restaurar Safari.<\/li>\n<li>Seleccione las siguientes casillas: Borrar historial, Eliminar todos los datos de sitios web.<\/li>\n<li>Haga clic en Restablecer.<\/li>\n<li>Cierre y reinicie el navegador.<\/li>\n<\/ol>\n<p>Para m\u00e1s informaci\u00f3n sobre Safari, pulse aqu\u00ed:<\/p>\n<p><a href=\"http:\/\/support.apple.com\/kb\/PH5042\">http:\/\/support.apple.com\/kb\/PH5042<\/a><\/p>\n<h4>Opera<\/h4>\n<p>Opciones \u2013 Avanzado \u2013 Cookies.<br \/>\nLas opciones de cookies controlan la forma en que Opera las gestiona y, por tanto, su aceptaci\u00f3n o rechazo.<\/p>\n<p>Para m\u00e1s informaci\u00f3n sobre Opera, pulse aqu\u00ed:<\/p>\n<p><a href=\"http:\/\/help.opera.com\/Linux\/10.60\/es-ES\/cookies.html\">http:\/\/help.opera.com\/Linux\/10.60\/es-ES\/cookies.html<\/a><\/p>\n<h4>Otros navegadores<\/h4>\n<p>Consulte la documentaci\u00f3n del navegador que tenga instalado.<\/p>\n","protected":false},"excerpt":{"rendered":"<p>INFORMACI\u00d3N SOBRE COOKIES Debido a la entrada en vigor de la correspondiente modificaci\u00f3n de la \u201cLey de Servicios de la Sociedad de la Informaci\u00f3n\u201d (LSSICE) establecida por el Real Decreto 13\/2012, es obligatorio obtener el consentimiento expreso del usuario de todas las p\u00e1ginas web que utilicen cookies prescindibles, antes de que este navegue por ellas.<a class=\"excerpt-read-more\" href=\"https:\/\/www.focus.cat\/es\/cookies\/\" title=\"LlegeixPol\u00edtica de cookies\"> &#8230; Llegeix m\u00e9s<\/a><\/p>\n","protected":false},"author":1,"featured_media":0,"parent":0,"menu_order":0,"comment_status":"closed","ping_status":"closed","template":"","meta":{"_acf_changed":false,"inline_featured_image":false,"footnotes":""},"class_list":["post-1670","page","type-page","status-publish","hentry"],"acf":{"page_description":""},"yoast_head":"<!-- This site is optimized with the Yoast SEO plugin v27.5 - https:\/\/yoast.com\/product\/yoast-seo-wordpress\/ -->\n<title>Pol\u00edtica de cookies - Focus<\/title>\n<meta name=\"robots\" content=\"index, follow, max-snippet:-1, max-image-preview:large, max-video-preview:-1\" \/>\n<link rel=\"canonical\" href=\"https:\/\/www.focus.cat\/cookies\/\" \/>\n<meta property=\"og:locale\" content=\"ca_ES\" \/>\n<meta property=\"og:type\" content=\"article\" \/>\n<meta property=\"og:title\" content=\"Pol\u00edtica de cookies - Focus\" \/>\n<meta property=\"og:description\" content=\"INFORMACI\u00d3N SOBRE COOKIES Debido a la entrada en vigor de la correspondiente modificaci\u00f3n de la \u201cLey de Servicios de la Sociedad de la Informaci\u00f3n\u201d (LSSICE) establecida por el Real Decreto 13\/2012, es obligatorio obtener el consentimiento expreso del usuario de todas las p\u00e1ginas web que utilicen cookies prescindibles, antes de que este navegue por ellas. ... Llegeix m\u00e9s\" \/>\n<meta property=\"og:url\" content=\"https:\/\/www.focus.cat\/es\/cookies\/\" \/>\n<meta property=\"og:site_name\" content=\"Focus\" \/>\n<meta property=\"article:modified_time\" content=\"2026-02-05T16:06:23+00:00\" \/>\n<meta name=\"twitter:card\" content=\"summary_large_image\" \/>\n<script type=\"application\/ld+json\" class=\"yoast-schema-graph\">{\"@context\":\"https:\\\/\\\/schema.org\",\"@graph\":[{\"@type\":\"WebPage\",\"@id\":\"https:\\\/\\\/www.focus.cat\\\/es\\\/cookies\\\/\",\"url\":\"https:\\\/\\\/www.focus.cat\\\/es\\\/cookies\\\/\",\"name\":\"Pol\u00edtica de cookies - Focus\",\"isPartOf\":{\"@id\":\"https:\\\/\\\/www.focus.cat\\\/#website\"},\"datePublished\":\"2022-01-03T15:18:23+00:00\",\"dateModified\":\"2026-02-05T16:06:23+00:00\",\"inLanguage\":\"ca\",\"potentialAction\":[{\"@type\":\"ReadAction\",\"target\":[\"https:\\\/\\\/www.focus.cat\\\/es\\\/cookies\\\/\"]}]},{\"@type\":\"WebSite\",\"@id\":\"https:\\\/\\\/www.focus.cat\\\/#website\",\"url\":\"https:\\\/\\\/www.focus.cat\\\/\",\"name\":\"Focus\",\"description\":\"\",\"publisher\":{\"@id\":\"https:\\\/\\\/www.focus.cat\\\/#organization\"},\"potentialAction\":[{\"@type\":\"SearchAction\",\"target\":{\"@type\":\"EntryPoint\",\"urlTemplate\":\"https:\\\/\\\/www.focus.cat\\\/?s={search_term_string}\"},\"query-input\":{\"@type\":\"PropertyValueSpecification\",\"valueRequired\":true,\"valueName\":\"search_term_string\"}}],\"inLanguage\":\"ca\"},{\"@type\":\"Organization\",\"@id\":\"https:\\\/\\\/www.focus.cat\\\/#organization\",\"name\":\"Focus\",\"url\":\"https:\\\/\\\/www.focus.cat\\\/\",\"logo\":{\"@type\":\"ImageObject\",\"inLanguage\":\"ca\",\"@id\":\"https:\\\/\\\/www.focus.cat\\\/#\\\/schema\\\/logo\\\/image\\\/\",\"url\":\"https:\\\/\\\/www.focus.cat\\\/wp-content\\\/uploads\\\/2022\\\/01\\\/logo-focus-any-35.svg\",\"contentUrl\":\"https:\\\/\\\/www.focus.cat\\\/wp-content\\\/uploads\\\/2022\\\/01\\\/logo-focus-any-35.svg\",\"width\":1,\"height\":1,\"caption\":\"Focus\"},\"image\":{\"@id\":\"https:\\\/\\\/www.focus.cat\\\/#\\\/schema\\\/logo\\\/image\\\/\"}}]}<\/script>\n<!-- \/ Yoast SEO plugin. -->","yoast_head_json":{"title":"Pol\u00edtica de cookies - Focus","robots":{"index":"index","follow":"follow","max-snippet":"max-snippet:-1","max-image-preview":"max-image-preview:large","max-video-preview":"max-video-preview:-1"},"canonical":"https:\/\/www.focus.cat\/cookies\/","og_locale":"ca_ES","og_type":"article","og_title":"Pol\u00edtica de cookies - Focus","og_description":"INFORMACI\u00d3N SOBRE COOKIES Debido a la entrada en vigor de la correspondiente modificaci\u00f3n de la \u201cLey de Servicios de la Sociedad de la Informaci\u00f3n\u201d (LSSICE) establecida por el Real Decreto 13\/2012, es obligatorio obtener el consentimiento expreso del usuario de todas las p\u00e1ginas web que utilicen cookies prescindibles, antes de que este navegue por ellas. ... Llegeix m\u00e9s","og_url":"https:\/\/www.focus.cat\/es\/cookies\/","og_site_name":"Focus","article_modified_time":"2026-02-05T16:06:23+00:00","twitter_card":"summary_large_image","schema":{"@context":"https:\/\/schema.org","@graph":[{"@type":"WebPage","@id":"https:\/\/www.focus.cat\/es\/cookies\/","url":"https:\/\/www.focus.cat\/es\/cookies\/","name":"Pol\u00edtica de cookies - Focus","isPartOf":{"@id":"https:\/\/www.focus.cat\/#website"},"datePublished":"2022-01-03T15:18:23+00:00","dateModified":"2026-02-05T16:06:23+00:00","inLanguage":"ca","potentialAction":[{"@type":"ReadAction","target":["https:\/\/www.focus.cat\/es\/cookies\/"]}]},{"@type":"WebSite","@id":"https:\/\/www.focus.cat\/#website","url":"https:\/\/www.focus.cat\/","name":"Focus","description":"","publisher":{"@id":"https:\/\/www.focus.cat\/#organization"},"potentialAction":[{"@type":"SearchAction","target":{"@type":"EntryPoint","urlTemplate":"https:\/\/www.focus.cat\/?s={search_term_string}"},"query-input":{"@type":"PropertyValueSpecification","valueRequired":true,"valueName":"search_term_string"}}],"inLanguage":"ca"},{"@type":"Organization","@id":"https:\/\/www.focus.cat\/#organization","name":"Focus","url":"https:\/\/www.focus.cat\/","logo":{"@type":"ImageObject","inLanguage":"ca","@id":"https:\/\/www.focus.cat\/#\/schema\/logo\/image\/","url":"https:\/\/www.focus.cat\/wp-content\/uploads\/2022\/01\/logo-focus-any-35.svg","contentUrl":"https:\/\/www.focus.cat\/wp-content\/uploads\/2022\/01\/logo-focus-any-35.svg","width":1,"height":1,"caption":"Focus"},"image":{"@id":"https:\/\/www.focus.cat\/#\/schema\/logo\/image\/"}}]}},"_links":{"self":[{"href":"https:\/\/www.focus.cat\/wp-json\/wp\/v2\/pages\/1670","targetHints":{"allow":["GET"]}}],"collection":[{"href":"https:\/\/www.focus.cat\/wp-json\/wp\/v2\/pages"}],"about":[{"href":"https:\/\/www.focus.cat\/wp-json\/wp\/v2\/types\/page"}],"author":[{"embeddable":true,"href":"https:\/\/www.focus.cat\/wp-json\/wp\/v2\/users\/1"}],"replies":[{"embeddable":true,"href":"https:\/\/www.focus.cat\/wp-json\/wp\/v2\/comments?post=1670"}],"version-history":[{"count":0,"href":"https:\/\/www.focus.cat\/wp-json\/wp\/v2\/pages\/1670\/revisions"}],"wp:attachment":[{"href":"https:\/\/www.focus.cat\/wp-json\/wp\/v2\/media?parent=1670"}],"curies":[{"name":"wp","href":"https:\/\/api.w.org\/{rel}","templated":true}]}}